{"id":63,"date":"2016-10-26T20:14:51","date_gmt":"2016-10-26T18:14:51","guid":{"rendered":"http:\/\/hephephurra.de\/card\/?page_id=63"},"modified":"2019-09-22T18:21:15","modified_gmt":"2019-09-22T16:21:15","slug":"start-d","status":"publish","type":"page","link":"https:\/\/hephephurra.de\/card\/es\/","title":{"rendered":""},"content":{"rendered":"<p><script type=\"application\/ld+json\">\n{\n\"@context\": \"http:\/\/schema.org\/\",\n\"@type\": \"Hep Hep Hurra e.V.\",\n\"url\": \"http:\/\/www.hephephurra.de\/\",\n\"logo\": \"http:\/\/hephephurra.de\/card\/wp-content\/uploads\/2017\/03\/HEP-HEP-HURRA-3.png\"\n}\n<\/script><br \/>\n<img loading=\"lazy\" decoding=\"async\" src=\"https:\/\/hephephurra.de\/card\/wp-content\/uploads\/2017\/03\/cropped-HEP-HEP-HURRA-3-1-281x300.png\" alt=\"\" width=\"281\" height=\"300\" class=\"aligncenter size-medium wp-image-272\" srcset=\"https:\/\/hephephurra.de\/card\/wp-content\/uploads\/2017\/03\/cropped-HEP-HEP-HURRA-3-1-281x300.png 281w, https:\/\/hephephurra.de\/card\/wp-content\/uploads\/2017\/03\/cropped-HEP-HEP-HURRA-3-1-768x819.png 768w, https:\/\/hephephurra.de\/card\/wp-content\/uploads\/2017\/03\/cropped-HEP-HEP-HURRA-3-1-960x1024.png 960w, https:\/\/hephephurra.de\/card\/wp-content\/uploads\/2017\/03\/cropped-HEP-HEP-HURRA-3-1.png 1920w\" sizes=\"auto, (max-width: 281px) 100vw, 281px\" \/><br \/>\nHep Hep Hurra (abreviado HHH) es una sociedad civil. El objetivo de nuestra empresa es el desarrollo y la gesti\u00f3n de diversos proyectos. Nuestros primeros pasos con HHH y la implementaci\u00f3n de nuestras primeras ideas tuvieron lugar en el a\u00f1o de 2003. Nuestros proyectos sin \u00e1nimo de lucro activos actualmente son los diccionarios en l\u00ednea Hurraki de lenguaje llano en alem\u00e1n, ingl\u00e9s y espa\u00f1ol. Esto incluye el subproyecto HDrei, un servidor de im\u00e1genes de lenguaje llano.<\/p>","protected":false},"excerpt":{"rendered":"<p>Hep Hep Hurra (abreviado HHH) es una sociedad civil. El objetivo de nuestra empresa es el desarrollo y la gesti\u00f3n de diversos proyectos. Nuestros primeros pasos con HHH y la implementaci\u00f3n de nuestras primeras ideas tuvieron lugar en el a\u00f1o de 2003. Nuestros proyectos sin \u00e1nimo de lucro activos actualmente son los diccionarios en l\u00ednea [&hellip;]<\/p>\n","protected":false},"author":1,"featured_media":0,"parent":0,"menu_order":0,"comment_status":"closed","ping_status":"closed","template":"","meta":{"footnotes":""},"class_list":["post-63","page","type-page","status-publish","hentry"],"_links":{"self":[{"href":"https:\/\/hephephurra.de\/card\/es\/wp-json\/wp\/v2\/pages\/63","targetHints":{"allow":["GET"]}}],"collection":[{"href":"https:\/\/hephephurra.de\/card\/es\/wp-json\/wp\/v2\/pages"}],"about":[{"href":"https:\/\/hephephurra.de\/card\/es\/wp-json\/wp\/v2\/types\/page"}],"author":[{"embeddable":true,"href":"https:\/\/hephephurra.de\/card\/es\/wp-json\/wp\/v2\/users\/1"}],"replies":[{"embeddable":true,"href":"https:\/\/hephephurra.de\/card\/es\/wp-json\/wp\/v2\/comments?post=63"}],"version-history":[{"count":20,"href":"https:\/\/hephephurra.de\/card\/es\/wp-json\/wp\/v2\/pages\/63\/revisions"}],"predecessor-version":[{"id":329,"href":"https:\/\/hephephurra.de\/card\/es\/wp-json\/wp\/v2\/pages\/63\/revisions\/329"}],"wp:attachment":[{"href":"https:\/\/hephephurra.de\/card\/es\/wp-json\/wp\/v2\/media?parent=63"}],"curies":[{"name":"wp","href":"https:\/\/api.w.org\/{rel}","templated":true}]}}